{"id":21,"date":"2025-07-01T22:56:23","date_gmt":"2025-07-01T22:56:23","guid":{"rendered":"https:\/\/innovatemarketing.mx\/?page_id=21"},"modified":"2025-08-15T02:24:32","modified_gmt":"2025-08-15T02:24:32","slug":"contactanos","status":"publish","type":"page","link":"https:\/\/innovatemarketing.mx\/index.php\/contactanos\/","title":{"rendered":"Cont\u00e1ctanos"},"content":{"rendered":"\n<div class=\"wp-block-group alignfull is-layout-flow wp-block-group-is-layout-flow\">\n<div class=\"wp-block-group alignfull has-background-secondary-background-color has-background has-global-padding is-layout-constrained wp-container-core-group-is-layout-fff16f96 wp-block-group-is-layout-constrained\" style=\"padding-top:var(--wp--preset--spacing--superbspacing-xxlarge);padding-right:var(--wp--preset--spacing--superbspacing-small);padding-bottom:var(--wp--preset--spacing--superbspacing-xxlarge);padding-left:var(--wp--preset--spacing--superbspacing-small)\">\n<div class=\"wp-block-group alignwide has-global-padding is-layout-constrained wp-container-core-group-is-layout-aaf5fa99 wp-block-group-is-layout-constrained\">\n<h1 class=\"wp-block-heading has-text-align-center has-primary-color has-text-color has-superbfont-xxsmall-font-size\" style=\"font-style:normal;font-weight:700;letter-spacing:5px;text-transform:uppercase\">COnt\u00e1ctanos<\/h1>\n\n\n\n<h2 class=\"wp-block-heading has-text-align-center has-contrast-color has-text-color has-superbfont-xlarge-font-size\">Let&#8217;s connect<\/h2>\n\n\n\n<p class=\"has-text-align-center has-secondary-color has-text-color has-superbfont-small-font-size\">Cont\u00e1ctanos:<\/p>\n\n\n\n<p class=\"has-text-align-center has-secondary-color has-text-color has-superbfont-small-font-size\">En <strong>Innovate Marketing <\/strong>queremos escuchar tus ideas y ayudarte a convertirlas en resultados reales.<\/p>\n\n\n\n<p class=\"has-text-align-center\"><strong>Estamos listos para innovar contigo.<\/strong><\/p>\n<\/div>\n\n\n\n<div class=\"wp-block-columns alignwide is-layout-flex wp-container-core-columns-is-layout-a3ac60a9 wp-block-columns-is-layout-flex\" style=\"border-radius:0px;padding-top:0;padding-right:0;padding-bottom:0;padding-left:0\">\n<div class=\"wp-block-column is-vertically-aligned-center is-layout-flow wp-container-core-column-is-layout-cfb182f8 wp-block-column-is-layout-flow\" style=\"padding-top:0;padding-right:0;padding-bottom:0;padding-left:0\">\n<div class=\"wp-block-group has-border-color has-mono-3-border-color has-base-background-color has-background has-global-padding is-content-justification-left is-layout-constrained wp-container-core-group-is-layout-d71199d7 wp-block-group-is-layout-constrained\" style=\"border-width:1px;border-radius:16px;padding-top:var(--wp--preset--spacing--superbspacing-xsmall);padding-right:var(--wp--preset--spacing--superbspacing-xsmall);padding-bottom:var(--wp--preset--spacing--superbspacing-xsmall);padding-left:var(--wp--preset--spacing--superbspacing-xsmall)\">\n<div class=\"wp-block-group has-global-padding is-content-justification-left is-layout-constrained wp-container-core-group-is-layout-12dd3699 wp-block-group-is-layout-constrained\">\n<figure class=\"wp-block-image size-large is-resized\"><img decoding=\"async\" src=\"https:\/\/innovatemarketing.mx\/wp-content\/uploads\/2025\/07\/icon-email.png\" alt=\"\" style=\"width:32px;height:32px\"\/><\/figure>\n<\/div>\n\n\n\n<h3 class=\"wp-block-heading has-text-align-left has-contrast-color has-text-color has-superbfont-xsmall-font-size\">Email<\/h3>\n\n\n\n<p class=\"has-secondary-color has-text-color has-superbfont-small-font-size\">Para soporte escr\u00edbenos a:<br>admin@innovatemarketing.mx<\/p>\n<\/div>\n<\/div>\n\n\n\n<div class=\"wp-block-column is-vertically-aligned-center is-layout-flow wp-container-core-column-is-layout-eef95d05 wp-block-column-is-layout-flow\" style=\"padding-top:0px;padding-right:0px;padding-bottom:0px;padding-left:0px\">\n<div class=\"wp-block-group has-border-color has-mono-3-border-color has-base-background-color has-background has-global-padding is-content-justification-left is-layout-constrained wp-container-core-group-is-layout-a844a75b wp-block-group-is-layout-constrained\" style=\"border-width:1px;border-radius:16px;margin-top:0;margin-bottom:0;padding-top:var(--wp--preset--spacing--superbspacing-xsmall);padding-right:var(--wp--preset--spacing--superbspacing-xsmall);padding-bottom:var(--wp--preset--spacing--superbspacing-xsmall);padding-left:var(--wp--preset--spacing--superbspacing-xsmall)\">\n<div class=\"wp-block-group has-global-padding is-content-justification-left is-layout-constrained wp-container-core-group-is-layout-12dd3699 wp-block-group-is-layout-constrained\">\n<figure class=\"wp-block-image size-large is-resized\"><img decoding=\"async\" src=\"https:\/\/innovatemarketing.mx\/wp-content\/uploads\/2025\/07\/icon-phone-call.png\" alt=\"\" style=\"width:32px;height:32px\"\/><\/figure>\n<\/div>\n\n\n\n<h3 class=\"wp-block-heading has-text-align-left has-contrast-color has-text-color has-superbfont-xsmall-font-size\">N\u00famero de t\u00e9lefono<\/h3>\n\n\n\n<p class=\"has-secondary-color has-text-color has-superbfont-small-font-size\">Te atendemos: <br>(221) 173 2376<\/p>\n<\/div>\n<\/div>\n\n\n\n<div class=\"wp-block-column is-vertically-aligned-center is-layout-flow wp-container-core-column-is-layout-eef95d05 wp-block-column-is-layout-flow\" style=\"padding-top:0px;padding-right:0px;padding-bottom:0px;padding-left:0px\">\n<div class=\"wp-block-group has-border-color has-mono-3-border-color has-base-background-color has-background has-global-padding is-content-justification-left is-layout-constrained wp-container-core-group-is-layout-d71199d7 wp-block-group-is-layout-constrained\" style=\"border-width:1px;border-radius:16px;padding-top:var(--wp--preset--spacing--superbspacing-xsmall);padding-right:var(--wp--preset--spacing--superbspacing-xsmall);padding-bottom:var(--wp--preset--spacing--superbspacing-xsmall);padding-left:var(--wp--preset--spacing--superbspacing-xsmall)\">\n<div class=\"wp-block-group has-global-padding is-content-justification-left is-layout-constrained wp-container-core-group-is-layout-12dd3699 wp-block-group-is-layout-constrained\">\n<figure class=\"wp-block-image size-large is-resized\"><img decoding=\"async\" src=\"https:\/\/innovatemarketing.mx\/wp-content\/uploads\/2025\/07\/icon-push-pin-simple.png\" alt=\"\" style=\"width:32px;height:32px\"\/><\/figure>\n<\/div>\n\n\n\n<h3 class=\"wp-block-heading has-text-align-left has-contrast-color has-text-color has-superbfont-xsmall-font-size\">Direcci\u00f3n<\/h3>\n\n\n\n<p class=\"has-secondary-color has-text-color has-superbfont-small-font-size\">Revoluci\u00f3n 200, San Mat\u00edas Cocoyotla, San Pedro Cholula, Puebla.<br>M\u00e9x.  72767<\/p>\n<\/div>\n<\/div>\n<\/div>\n<\/div>\n<\/div>\n\n\n\n<h4 class=\"wp-block-heading has-text-align-center\">Estamos listos para llevar tu marca al siguiente nivel<\/h4>\n\n\n\n<p class=\"has-text-align-center\">En <strong>Innovate Marketing Digital<\/strong>, creemos que cada conversaci\u00f3n es una oportunidad para construir algo extraordinario. Si est\u00e1s buscando una agencia que combine estrategia, creatividad y tecnolog\u00eda para lograr resultados reales, est\u00e1s en el lugar indicado.<\/p>\n\n\n\n<p class=\"has-text-align-center\">Ya sea que necesites una campa\u00f1a digital completa, una nueva imagen para tu marca, optimizar tu presencia en redes sociales, mejorar tu posicionamiento en buscadores o simplemente quieras explorar nuevas ideas, nuestro equipo est\u00e1 listo para escucharte, comprender tu visi\u00f3n y ayudarte a hacerla realidad.<\/p>\n\n\n\n<p class=\"has-text-align-center\">Nos especializamos en crear soluciones a la medida de cada cliente, entendiendo sus necesidades espec\u00edficas, su sector y sus objetivos de negocio. Nos involucramos de manera cercana y comprometida en cada proyecto, porque tu \u00e9xito tambi\u00e9n es el nuestro.<\/p>\n\n\n\n<h3 class=\"wp-block-heading\">\u00bfC\u00f3mo podemos ayudarte?<\/h3>\n\n\n\n<ul class=\"wp-block-list\">\n<li>\u00bfQuieres una propuesta personalizada?<\/li>\n\n\n\n<li>\u00bfTienes preguntas sobre nuestros servicios?<\/li>\n\n\n\n<li>\u00bfNecesitas una asesor\u00eda para empezar tu estrategia digital?<\/li>\n<\/ul>\n\n\n\n<p>Sea cual sea el motivo, puedes escribirnos, llamarnos o agendar una reuni\u00f3n virtual. Te responderemos lo m\u00e1s pronto posible.<\/p>\n\n\n\n<h3 class=\"wp-block-heading\"><\/h3>\n\n\n\n<figure class=\"wp-block-image alignwide size-full is-style-default\"><img loading=\"lazy\" decoding=\"async\" width=\"1025\" height=\"576\" src=\"https:\/\/innovatemarketing.mx\/wp-content\/uploads\/2025\/07\/itos-2-1.png\" alt=\"Contacta a Innovate Marketing\" class=\"wp-image-107\" srcset=\"https:\/\/innovatemarketing.mx\/wp-content\/uploads\/2025\/07\/itos-2-1.png 1025w, https:\/\/innovatemarketing.mx\/wp-content\/uploads\/2025\/07\/itos-2-1-300x169.png 300w, https:\/\/innovatemarketing.mx\/wp-content\/uploads\/2025\/07\/itos-2-1-768x432.png 768w\" sizes=\"auto, (max-width: 1025px) 100vw, 1025px\" \/><\/figure>\n","protected":false},"excerpt":{"rendered":"<p>COnt\u00e1ctanos Let&#8217;s connect Cont\u00e1ctanos: En Innovate Marketing queremos escuchar tus ideas y ayudarte a convertirlas en resultados reales. Estamos listos para innovar contigo. Email Para soporte escr\u00edbenos a:admin@innovatemarketing.mx N\u00famero de t\u00e9lefono Te atendemos: (221) 173 2376 Direcci\u00f3n Revoluci\u00f3n 200, San Mat\u00edas Cocoyotla, San Pedro Cholula, Puebla.M\u00e9x. 72767 Estamos listos para llevar tu marca al siguiente [&hellip;]<\/p>\n","protected":false},"author":1,"featured_media":0,"parent":0,"menu_order":2,"comment_status":"closed","ping_status":"closed","template":"","meta":{"footnotes":""},"class_list":["post-21","page","type-page","status-publish","hentry"],"yoast_head":"<!-- This site is optimized with the Yoast SEO plugin v25.9 - https:\/\/yoast.com\/wordpress\/plugins\/seo\/ -->\n<title>Cont\u00e1ctanos - Innovate Marketing Digital<\/title>\n<meta name=\"description\" content=\"Cont\u00e1ctanos en Innovate Marketing Digital y descubre c\u00f3mo podemos ayudarte con estrategias creativas y resultados reales.\" \/>\n<meta name=\"robots\" content=\"index, follow, max-snippet:-1, max-image-preview:large, max-video-preview:-1\" \/>\n<link rel=\"canonical\" href=\"https:\/\/innovatemarketing.mx\/index.php\/contactanos\/\" \/>\n<meta property=\"og:locale\" content=\"es_ES\" \/>\n<meta property=\"og:type\" content=\"article\" \/>\n<meta property=\"og:title\" content=\"Cont\u00e1ctanos en Innovate Marketing\" \/>\n<meta property=\"og:description\" content=\"Cont\u00e1ctanos en Innovate Marketing Digital y descubre c\u00f3mo podemos ayudarte con estrategias creativas y resultados reales.\" \/>\n<meta property=\"og:url\" content=\"https:\/\/innovatemarketing.mx\/index.php\/contactanos\/\" \/>\n<meta property=\"og:site_name\" content=\"Innovate Marketing Digital\" \/>\n<meta property=\"article:publisher\" content=\"https:\/\/www.facebook.com\/InnovateMkt\/\" \/>\n<meta property=\"article:modified_time\" content=\"2025-08-15T02:24:32+00:00\" \/>\n<meta property=\"og:image\" content=\"https:\/\/innovatemarketing.mx\/wp-content\/uploads\/2025\/07\/Captura-de-pantalla-2025-07-03-a-las-1.09.50\u202fa.\u202fm.png\" \/>\n\t<meta property=\"og:image:width\" content=\"1422\" \/>\n\t<meta property=\"og:image:height\" content=\"958\" \/>\n\t<meta property=\"og:image:type\" content=\"image\/png\" \/>\n<meta name=\"twitter:card\" content=\"summary_large_image\" \/>\n<meta name=\"twitter:label1\" content=\"Tiempo de lectura\" \/>\n\t<meta name=\"twitter:data1\" content=\"2 minutos\" \/>\n<script type=\"application\/ld+json\" class=\"yoast-schema-graph\">{\"@context\":\"https:\/\/schema.org\",\"@graph\":[{\"@type\":\"WebPage\",\"@id\":\"https:\/\/innovatemarketing.mx\/index.php\/contactanos\/\",\"url\":\"https:\/\/innovatemarketing.mx\/index.php\/contactanos\/\",\"name\":\"Cont\u00e1ctanos - Innovate Marketing Digital\",\"isPartOf\":{\"@id\":\"https:\/\/innovatemarketing.mx\/#website\"},\"primaryImageOfPage\":{\"@id\":\"https:\/\/innovatemarketing.mx\/index.php\/contactanos\/#primaryimage\"},\"image\":{\"@id\":\"https:\/\/innovatemarketing.mx\/index.php\/contactanos\/#primaryimage\"},\"thumbnailUrl\":\"https:\/\/innovatemarketing.mx\/wp-content\/uploads\/2025\/07\/icon-email.png\",\"datePublished\":\"2025-07-01T22:56:23+00:00\",\"dateModified\":\"2025-08-15T02:24:32+00:00\",\"description\":\"Cont\u00e1ctanos en Innovate Marketing Digital y descubre c\u00f3mo podemos ayudarte con estrategias creativas y resultados reales.\",\"breadcrumb\":{\"@id\":\"https:\/\/innovatemarketing.mx\/index.php\/contactanos\/#breadcrumb\"},\"inLanguage\":\"es\",\"potentialAction\":[{\"@type\":\"ReadAction\",\"target\":[\"https:\/\/innovatemarketing.mx\/index.php\/contactanos\/\"]}]},{\"@type\":\"ImageObject\",\"inLanguage\":\"es\",\"@id\":\"https:\/\/innovatemarketing.mx\/index.php\/contactanos\/#primaryimage\",\"url\":\"https:\/\/innovatemarketing.mx\/wp-content\/uploads\/2025\/07\/icon-email.png\",\"contentUrl\":\"https:\/\/innovatemarketing.mx\/wp-content\/uploads\/2025\/07\/icon-email.png\",\"width\":112,\"height\":112},{\"@type\":\"BreadcrumbList\",\"@id\":\"https:\/\/innovatemarketing.mx\/index.php\/contactanos\/#breadcrumb\",\"itemListElement\":[{\"@type\":\"ListItem\",\"position\":1,\"name\":\"Portada\",\"item\":\"https:\/\/innovatemarketing.mx\/\"},{\"@type\":\"ListItem\",\"position\":2,\"name\":\"Cont\u00e1ctanos\"}]},{\"@type\":\"WebSite\",\"@id\":\"https:\/\/innovatemarketing.mx\/#website\",\"url\":\"https:\/\/innovatemarketing.mx\/\",\"name\":\"Innovate Marketing\",\"description\":\"Agencia de Marketing Digital\",\"publisher\":{\"@id\":\"https:\/\/innovatemarketing.mx\/#organization\"},\"alternateName\":\"Innovate MKT\",\"potentialAction\":[{\"@type\":\"SearchAction\",\"target\":{\"@type\":\"EntryPoint\",\"urlTemplate\":\"https:\/\/innovatemarketing.mx\/?s={search_term_string}\"},\"query-input\":{\"@type\":\"PropertyValueSpecification\",\"valueRequired\":true,\"valueName\":\"search_term_string\"}}],\"inLanguage\":\"es\"},{\"@type\":\"Organization\",\"@id\":\"https:\/\/innovatemarketing.mx\/#organization\",\"name\":\"Innovate Marketing\",\"alternateName\":\"Innovate\",\"url\":\"https:\/\/innovatemarketing.mx\/\",\"logo\":{\"@type\":\"ImageObject\",\"inLanguage\":\"es\",\"@id\":\"https:\/\/innovatemarketing.mx\/#\/schema\/logo\/image\/\",\"url\":\"https:\/\/innovatemarketing.mx\/wp-content\/uploads\/2025\/07\/logo-1.png\",\"contentUrl\":\"https:\/\/innovatemarketing.mx\/wp-content\/uploads\/2025\/07\/logo-1.png\",\"width\":212,\"height\":141,\"caption\":\"Innovate Marketing\"},\"image\":{\"@id\":\"https:\/\/innovatemarketing.mx\/#\/schema\/logo\/image\/\"},\"sameAs\":[\"https:\/\/www.facebook.com\/InnovateMkt\/\",\"https:\/\/www.instagram.com\/innovate_mkt\/\",\"https:\/\/www.linkedin.com\/company\/innovate-mkt\/\"]}]}<\/script>\n<!-- \/ Yoast SEO plugin. -->","yoast_head_json":{"title":"Cont\u00e1ctanos - Innovate Marketing Digital","description":"Cont\u00e1ctanos en Innovate Marketing Digital y descubre c\u00f3mo podemos ayudarte con estrategias creativas y resultados reales.","robots":{"index":"index","follow":"follow","max-snippet":"max-snippet:-1","max-image-preview":"max-image-preview:large","max-video-preview":"max-video-preview:-1"},"canonical":"https:\/\/innovatemarketing.mx\/index.php\/contactanos\/","og_locale":"es_ES","og_type":"article","og_title":"Cont\u00e1ctanos en Innovate Marketing","og_description":"Cont\u00e1ctanos en Innovate Marketing Digital y descubre c\u00f3mo podemos ayudarte con estrategias creativas y resultados reales.","og_url":"https:\/\/innovatemarketing.mx\/index.php\/contactanos\/","og_site_name":"Innovate Marketing Digital","article_publisher":"https:\/\/www.facebook.com\/InnovateMkt\/","article_modified_time":"2025-08-15T02:24:32+00:00","og_image":[{"width":1422,"height":958,"url":"https:\/\/innovatemarketing.mx\/wp-content\/uploads\/2025\/07\/Captura-de-pantalla-2025-07-03-a-las-1.09.50\u202fa.\u202fm.png","type":"image\/png"}],"twitter_card":"summary_large_image","twitter_misc":{"Tiempo de lectura":"2 minutos"},"schema":{"@context":"https:\/\/schema.org","@graph":[{"@type":"WebPage","@id":"https:\/\/innovatemarketing.mx\/index.php\/contactanos\/","url":"https:\/\/innovatemarketing.mx\/index.php\/contactanos\/","name":"Cont\u00e1ctanos - Innovate Marketing Digital","isPartOf":{"@id":"https:\/\/innovatemarketing.mx\/#website"},"primaryImageOfPage":{"@id":"https:\/\/innovatemarketing.mx\/index.php\/contactanos\/#primaryimage"},"image":{"@id":"https:\/\/innovatemarketing.mx\/index.php\/contactanos\/#primaryimage"},"thumbnailUrl":"https:\/\/innovatemarketing.mx\/wp-content\/uploads\/2025\/07\/icon-email.png","datePublished":"2025-07-01T22:56:23+00:00","dateModified":"2025-08-15T02:24:32+00:00","description":"Cont\u00e1ctanos en Innovate Marketing Digital y descubre c\u00f3mo podemos ayudarte con estrategias creativas y resultados reales.","breadcrumb":{"@id":"https:\/\/innovatemarketing.mx\/index.php\/contactanos\/#breadcrumb"},"inLanguage":"es","potentialAction":[{"@type":"ReadAction","target":["https:\/\/innovatemarketing.mx\/index.php\/contactanos\/"]}]},{"@type":"ImageObject","inLanguage":"es","@id":"https:\/\/innovatemarketing.mx\/index.php\/contactanos\/#primaryimage","url":"https:\/\/innovatemarketing.mx\/wp-content\/uploads\/2025\/07\/icon-email.png","contentUrl":"https:\/\/innovatemarketing.mx\/wp-content\/uploads\/2025\/07\/icon-email.png","width":112,"height":112},{"@type":"BreadcrumbList","@id":"https:\/\/innovatemarketing.mx\/index.php\/contactanos\/#breadcrumb","itemListElement":[{"@type":"ListItem","position":1,"name":"Portada","item":"https:\/\/innovatemarketing.mx\/"},{"@type":"ListItem","position":2,"name":"Cont\u00e1ctanos"}]},{"@type":"WebSite","@id":"https:\/\/innovatemarketing.mx\/#website","url":"https:\/\/innovatemarketing.mx\/","name":"Innovate Marketing","description":"Agencia de Marketing Digital","publisher":{"@id":"https:\/\/innovatemarketing.mx\/#organization"},"alternateName":"Innovate MKT","potentialAction":[{"@type":"SearchAction","target":{"@type":"EntryPoint","urlTemplate":"https:\/\/innovatemarketing.mx\/?s={search_term_string}"},"query-input":{"@type":"PropertyValueSpecification","valueRequired":true,"valueName":"search_term_string"}}],"inLanguage":"es"},{"@type":"Organization","@id":"https:\/\/innovatemarketing.mx\/#organization","name":"Innovate Marketing","alternateName":"Innovate","url":"https:\/\/innovatemarketing.mx\/","logo":{"@type":"ImageObject","inLanguage":"es","@id":"https:\/\/innovatemarketing.mx\/#\/schema\/logo\/image\/","url":"https:\/\/innovatemarketing.mx\/wp-content\/uploads\/2025\/07\/logo-1.png","contentUrl":"https:\/\/innovatemarketing.mx\/wp-content\/uploads\/2025\/07\/logo-1.png","width":212,"height":141,"caption":"Innovate Marketing"},"image":{"@id":"https:\/\/innovatemarketing.mx\/#\/schema\/logo\/image\/"},"sameAs":["https:\/\/www.facebook.com\/InnovateMkt\/","https:\/\/www.instagram.com\/innovate_mkt\/","https:\/\/www.linkedin.com\/company\/innovate-mkt\/"]}]}},"_links":{"self":[{"href":"https:\/\/innovatemarketing.mx\/index.php\/wp-json\/wp\/v2\/pages\/21","targetHints":{"allow":["GET"]}}],"collection":[{"href":"https:\/\/innovatemarketing.mx\/index.php\/wp-json\/wp\/v2\/pages"}],"about":[{"href":"https:\/\/innovatemarketing.mx\/index.php\/wp-json\/wp\/v2\/types\/page"}],"author":[{"embeddable":true,"href":"https:\/\/innovatemarketing.mx\/index.php\/wp-json\/wp\/v2\/users\/1"}],"replies":[{"embeddable":true,"href":"https:\/\/innovatemarketing.mx\/index.php\/wp-json\/wp\/v2\/comments?post=21"}],"version-history":[{"count":11,"href":"https:\/\/innovatemarketing.mx\/index.php\/wp-json\/wp\/v2\/pages\/21\/revisions"}],"predecessor-version":[{"id":191,"href":"https:\/\/innovatemarketing.mx\/index.php\/wp-json\/wp\/v2\/pages\/21\/revisions\/191"}],"wp:attachment":[{"href":"https:\/\/innovatemarketing.mx\/index.php\/wp-json\/wp\/v2\/media?parent=21"}],"curies":[{"name":"wp","href":"https:\/\/api.w.org\/{rel}","templated":true}]}}