{"id":8,"date":"2025-07-01T19:50:31","date_gmt":"2025-07-01T19:50:31","guid":{"rendered":"https:\/\/innovatemarketing.mx\/index.php\/blog\/"},"modified":"2025-08-15T02:25:22","modified_gmt":"2025-08-15T02:25:22","slug":"blog","status":"publish","type":"page","link":"https:\/\/innovatemarketing.mx\/index.php\/blog\/","title":{"rendered":"Blog"},"content":{"rendered":"\n<div class=\"wp-block-columns is-layout-flex wp-container-core-columns-is-layout-28f84493 wp-block-columns-is-layout-flex\">\n<div class=\"wp-block-column is-layout-flow wp-block-column-is-layout-flow\">\n<p class=\"has-text-align-center has-superbfont-medium-font-size\">Bienvenido al blog de <strong>Innovate Marketing Digital<\/strong>, tu espacio para descubrir ideas frescas, estrategias efectivas y las \u00faltimas tendencias del mundo digital.<\/p>\n\n\n\n<p class=\"has-text-align-center has-superbfont-medium-font-size\">Aqu\u00ed compartimos contenido \u00fatil y relevante sobre marketing, branding, redes sociales, publicidad online, automatizaci\u00f3n, dise\u00f1o web, SEO y m\u00e1s. Todo pensado para ayudarte a tomar mejores decisiones, crecer en l\u00ednea y mantenerte siempre un paso adelante.<\/p>\n<\/div>\n\n\n\n<div class=\"wp-block-column is-layout-flow wp-block-column-is-layout-flow\">\n<figure class=\"wp-block-image size-large\"><img loading=\"lazy\" decoding=\"async\" width=\"1024\" height=\"576\" src=\"https:\/\/innovatemarketing.mx\/wp-content\/uploads\/2025\/07\/itos-3-1-1024x576.png\" alt=\"Blog Innovate Marketing\" class=\"wp-image-153\" srcset=\"https:\/\/innovatemarketing.mx\/wp-content\/uploads\/2025\/07\/itos-3-1-1024x576.png 1024w, https:\/\/innovatemarketing.mx\/wp-content\/uploads\/2025\/07\/itos-3-1-300x169.png 300w, https:\/\/innovatemarketing.mx\/wp-content\/uploads\/2025\/07\/itos-3-1-768x432.png 768w, https:\/\/innovatemarketing.mx\/wp-content\/uploads\/2025\/07\/itos-3-1.png 1366w\" sizes=\"auto, (max-width: 1024px) 100vw, 1024px\" \/><\/figure>\n<\/div>\n<\/div>\n\n\n\n<p class=\"has-text-align-center has-superbfont-medium-font-size\"><strong>Aprende. Insp\u00edrate. Innova.<br>Este es tu punto de partida para transformar el conocimiento en acci\u00f3n.<\/strong><\/p>\n\n\n\n<hr class=\"wp-block-separator has-alpha-channel-opacity\"\/>\n\n\n\n<p class=\"has-text-align-center has-superbfont-medium-font-size\"><strong>Art\u00edculos de Innovate Marketing:<\/strong><\/p>\n\n\n\n<div class=\"wp-block-group alignfull has-mono-4-background-color has-background has-global-padding is-layout-constrained wp-container-core-group-is-layout-129f6e7c wp-block-group-is-layout-constrained\" style=\"margin-top:0;margin-bottom:0;padding-top:var(--wp--preset--spacing--superbspacing-large);padding-right:var(--wp--preset--spacing--superbspacing-small);padding-bottom:var(--wp--preset--spacing--superbspacing-large);padding-left:var(--wp--preset--spacing--superbspacing-small)\">\n<div class=\"wp-block-columns alignwide is-layout-flex wp-container-core-columns-is-layout-25593187 wp-block-columns-is-layout-flex\">\n<div class=\"wp-block-column is-vertically-aligned-center is-layout-flow wp-container-core-column-is-layout-a1628350 wp-block-column-is-layout-flow\" style=\"padding-top:0;padding-right:0;padding-bottom:0;padding-left:0\">\n<div class=\"wp-block-group is-layout-flow wp-container-core-group-is-layout-ff697075 wp-block-group-is-layout-flow\">\n<h2 class=\"wp-block-heading has-text-align-center has-superbfont-large-font-size\" style=\"line-height:1.2\">Inversi\u00f3n en SEO: \u00bfPor qu\u00e9 es clave para el crecimiento digital de tu negocio?<\/h2>\n\n\n\n<p class=\"has-text-align-left has-mono-2-color has-text-color has-superbfont-medium-font-size\"><strong>Por Innovate Marketing<\/strong><\/p>\n\n\n\n<p class=\"has-text-align-center has-mono-2-color has-text-color has-superbfont-medium-font-size\">En un entorno digital cada vez m\u00e1s competitivo, las empresas que desean destacar no pueden permitirse ignorar una de las herramientas m\u00e1s poderosas del marketing digital: el SEO (Search Engine Optimization). A menudo percibido como una estrategia t\u00e9cnica o a largo plazo, el SEO es en realidad una inversi\u00f3n estrat\u00e9gica con alto retorno que puede transformar la visibilidad, el tr\u00e1fico y la conversi\u00f3n de tu marca&#8230;&#8230;<\/p>\n<\/div>\n\n\n\n<div class=\"wp-block-buttons is-layout-flex wp-container-core-buttons-is-layout-69f3c5ca wp-block-buttons-is-layout-flex\">\n<div class=\"wp-block-button\"><a class=\"wp-block-button__link has-superbfont-small-font-size has-custom-font-size wp-element-button\" href=\"https:\/\/innovatemarketing.mx\/index.php\/contactanos\/\" style=\"padding-top:var(--wp--preset--spacing--superbspacing-xsmall);padding-right:var(--wp--preset--spacing--superbspacing-xsmall);padding-bottom:var(--wp--preset--spacing--superbspacing-xsmall);padding-left:var(--wp--preset--spacing--superbspacing-xsmall)\">Contratar Servicio SEO\u2192<\/a><\/div>\n\n\n\n<div class=\"wp-block-button is-style-outline is-style-outline--1\"><a class=\"wp-block-button__link has-superbfont-small-font-size has-custom-font-size wp-element-button\" href=\"https:\/\/innovatemarketing.mx\/index.php\/blog\/inversion-en-seo\/\" style=\"padding-top:var(--wp--preset--spacing--superbspacing-xsmall);padding-right:var(--wp--preset--spacing--superbspacing-xsmall);padding-bottom:var(--wp--preset--spacing--superbspacing-xsmall);padding-left:var(--wp--preset--spacing--superbspacing-xsmall)\">Lee m\u00e1s<\/a><\/div>\n<\/div>\n<\/div>\n\n\n\n<div class=\"wp-block-column is-vertically-aligned-center is-layout-flow wp-container-core-column-is-layout-40a2a7e8 wp-block-column-is-layout-flow\" style=\"padding-right:0;padding-bottom:0;padding-left:0\">\n<figure class=\"wp-block-image size-full has-custom-border\"><img loading=\"lazy\" decoding=\"async\" width=\"566\" height=\"567\" src=\"https:\/\/innovatemarketing.mx\/wp-content\/uploads\/2025\/07\/itos-5.png\" alt=\"Posicionamiento SEO\" class=\"wp-image-152\" style=\"border-radius:8px\" srcset=\"https:\/\/innovatemarketing.mx\/wp-content\/uploads\/2025\/07\/itos-5.png 566w, https:\/\/innovatemarketing.mx\/wp-content\/uploads\/2025\/07\/itos-5-300x300.png 300w, https:\/\/innovatemarketing.mx\/wp-content\/uploads\/2025\/07\/itos-5-150x150.png 150w\" sizes=\"auto, (max-width: 566px) 100vw, 566px\" \/><\/figure>\n<\/div>\n<\/div>\n<\/div>\n\n\n\n<p><\/p>\n","protected":false},"excerpt":{"rendered":"<p>Bienvenido al blog de Innovate Marketing Digital, tu espacio para descubrir ideas frescas, estrategias efectivas y las \u00faltimas tendencias del mundo digital. Aqu\u00ed compartimos contenido \u00fatil y relevante sobre marketing, branding, redes sociales, publicidad online, automatizaci\u00f3n, dise\u00f1o web, SEO y m\u00e1s. Todo pensado para ayudarte a tomar mejores decisiones, crecer en l\u00ednea y mantenerte siempre [&hellip;]<\/p>\n","protected":false},"author":1,"featured_media":0,"parent":0,"menu_order":3,"comment_status":"closed","ping_status":"closed","template":"","meta":{"footnotes":""},"class_list":["post-8","page","type-page","status-publish","hentry"],"yoast_head":"<!-- This site is optimized with the Yoast SEO plugin v25.9 - https:\/\/yoast.com\/wordpress\/plugins\/seo\/ -->\n<title>Blog - Innovate Marketing Digital<\/title>\n<meta name=\"description\" content=\"Blog de Innovate Marketing: Aprende sobre SEO, redes sociales, publicidad digital y estrategias efectivas para hacer crecer tu negocio online.\" \/>\n<meta name=\"robots\" content=\"index, follow, max-snippet:-1, max-image-preview:large, max-video-preview:-1\" \/>\n<link rel=\"canonical\" href=\"https:\/\/innovatemarketing.mx\/index.php\/blog\/\" \/>\n<meta property=\"og:locale\" content=\"es_ES\" \/>\n<meta property=\"og:type\" content=\"article\" \/>\n<meta property=\"og:title\" content=\"blog\" \/>\n<meta property=\"og:description\" content=\"Blog de Innovate Marketing: Aprende sobre SEO, redes sociales, publicidad digital y m\u00e1s. Estrategias efectivas para hacer crecer tu negocio online.\" \/>\n<meta property=\"og:url\" content=\"https:\/\/innovatemarketing.mx\/index.php\/blog\/\" \/>\n<meta property=\"og:site_name\" content=\"Innovate Marketing Digital\" \/>\n<meta property=\"article:publisher\" content=\"https:\/\/www.facebook.com\/InnovateMkt\/\" \/>\n<meta property=\"article:modified_time\" content=\"2025-08-15T02:25:22+00:00\" \/>\n<meta property=\"og:image\" content=\"https:\/\/innovatemarketing.mx\/wp-content\/uploads\/2025\/07\/itos-3.png\" \/>\n\t<meta property=\"og:image:width\" content=\"1366\" \/>\n\t<meta property=\"og:image:height\" content=\"768\" \/>\n\t<meta property=\"og:image:type\" content=\"image\/png\" \/>\n<meta name=\"twitter:card\" content=\"summary_large_image\" \/>\n<meta name=\"twitter:label1\" content=\"Tiempo de lectura\" \/>\n\t<meta name=\"twitter:data1\" content=\"2 minutos\" \/>\n<script type=\"application\/ld+json\" class=\"yoast-schema-graph\">{\"@context\":\"https:\/\/schema.org\",\"@graph\":[{\"@type\":\"WebPage\",\"@id\":\"https:\/\/innovatemarketing.mx\/index.php\/blog\/\",\"url\":\"https:\/\/innovatemarketing.mx\/index.php\/blog\/\",\"name\":\"Blog - Innovate Marketing Digital\",\"isPartOf\":{\"@id\":\"https:\/\/innovatemarketing.mx\/#website\"},\"primaryImageOfPage\":{\"@id\":\"https:\/\/innovatemarketing.mx\/index.php\/blog\/#primaryimage\"},\"image\":{\"@id\":\"https:\/\/innovatemarketing.mx\/index.php\/blog\/#primaryimage\"},\"thumbnailUrl\":\"https:\/\/innovatemarketing.mx\/wp-content\/uploads\/2025\/07\/itos-3-1-1024x576.png\",\"datePublished\":\"2025-07-01T19:50:31+00:00\",\"dateModified\":\"2025-08-15T02:25:22+00:00\",\"description\":\"Blog de Innovate Marketing: Aprende sobre SEO, redes sociales, publicidad digital y estrategias efectivas para hacer crecer tu negocio online.\",\"breadcrumb\":{\"@id\":\"https:\/\/innovatemarketing.mx\/index.php\/blog\/#breadcrumb\"},\"inLanguage\":\"es\",\"potentialAction\":[{\"@type\":\"ReadAction\",\"target\":[\"https:\/\/innovatemarketing.mx\/index.php\/blog\/\"]}]},{\"@type\":\"ImageObject\",\"inLanguage\":\"es\",\"@id\":\"https:\/\/innovatemarketing.mx\/index.php\/blog\/#primaryimage\",\"url\":\"https:\/\/innovatemarketing.mx\/wp-content\/uploads\/2025\/07\/itos-3-1.png\",\"contentUrl\":\"https:\/\/innovatemarketing.mx\/wp-content\/uploads\/2025\/07\/itos-3-1.png\",\"width\":1366,\"height\":768},{\"@type\":\"BreadcrumbList\",\"@id\":\"https:\/\/innovatemarketing.mx\/index.php\/blog\/#breadcrumb\",\"itemListElement\":[{\"@type\":\"ListItem\",\"position\":1,\"name\":\"Portada\",\"item\":\"https:\/\/innovatemarketing.mx\/\"},{\"@type\":\"ListItem\",\"position\":2,\"name\":\"Blog\"}]},{\"@type\":\"WebSite\",\"@id\":\"https:\/\/innovatemarketing.mx\/#website\",\"url\":\"https:\/\/innovatemarketing.mx\/\",\"name\":\"Innovate Marketing\",\"description\":\"Agencia de Marketing Digital\",\"publisher\":{\"@id\":\"https:\/\/innovatemarketing.mx\/#organization\"},\"alternateName\":\"Innovate MKT\",\"potentialAction\":[{\"@type\":\"SearchAction\",\"target\":{\"@type\":\"EntryPoint\",\"urlTemplate\":\"https:\/\/innovatemarketing.mx\/?s={search_term_string}\"},\"query-input\":{\"@type\":\"PropertyValueSpecification\",\"valueRequired\":true,\"valueName\":\"search_term_string\"}}],\"inLanguage\":\"es\"},{\"@type\":\"Organization\",\"@id\":\"https:\/\/innovatemarketing.mx\/#organization\",\"name\":\"Innovate Marketing\",\"alternateName\":\"Innovate\",\"url\":\"https:\/\/innovatemarketing.mx\/\",\"logo\":{\"@type\":\"ImageObject\",\"inLanguage\":\"es\",\"@id\":\"https:\/\/innovatemarketing.mx\/#\/schema\/logo\/image\/\",\"url\":\"https:\/\/innovatemarketing.mx\/wp-content\/uploads\/2025\/07\/logo-1.png\",\"contentUrl\":\"https:\/\/innovatemarketing.mx\/wp-content\/uploads\/2025\/07\/logo-1.png\",\"width\":212,\"height\":141,\"caption\":\"Innovate Marketing\"},\"image\":{\"@id\":\"https:\/\/innovatemarketing.mx\/#\/schema\/logo\/image\/\"},\"sameAs\":[\"https:\/\/www.facebook.com\/InnovateMkt\/\",\"https:\/\/www.instagram.com\/innovate_mkt\/\",\"https:\/\/www.linkedin.com\/company\/innovate-mkt\/\"]}]}<\/script>\n<!-- \/ Yoast SEO plugin. -->","yoast_head_json":{"title":"Blog - Innovate Marketing Digital","description":"Blog de Innovate Marketing: Aprende sobre SEO, redes sociales, publicidad digital y estrategias efectivas para hacer crecer tu negocio online.","robots":{"index":"index","follow":"follow","max-snippet":"max-snippet:-1","max-image-preview":"max-image-preview:large","max-video-preview":"max-video-preview:-1"},"canonical":"https:\/\/innovatemarketing.mx\/index.php\/blog\/","og_locale":"es_ES","og_type":"article","og_title":"blog","og_description":"Blog de Innovate Marketing: Aprende sobre SEO, redes sociales, publicidad digital y m\u00e1s. Estrategias efectivas para hacer crecer tu negocio online.","og_url":"https:\/\/innovatemarketing.mx\/index.php\/blog\/","og_site_name":"Innovate Marketing Digital","article_publisher":"https:\/\/www.facebook.com\/InnovateMkt\/","article_modified_time":"2025-08-15T02:25:22+00:00","og_image":[{"width":1366,"height":768,"url":"https:\/\/innovatemarketing.mx\/wp-content\/uploads\/2025\/07\/itos-3.png","type":"image\/png"}],"twitter_card":"summary_large_image","twitter_misc":{"Tiempo de lectura":"2 minutos"},"schema":{"@context":"https:\/\/schema.org","@graph":[{"@type":"WebPage","@id":"https:\/\/innovatemarketing.mx\/index.php\/blog\/","url":"https:\/\/innovatemarketing.mx\/index.php\/blog\/","name":"Blog - Innovate Marketing Digital","isPartOf":{"@id":"https:\/\/innovatemarketing.mx\/#website"},"primaryImageOfPage":{"@id":"https:\/\/innovatemarketing.mx\/index.php\/blog\/#primaryimage"},"image":{"@id":"https:\/\/innovatemarketing.mx\/index.php\/blog\/#primaryimage"},"thumbnailUrl":"https:\/\/innovatemarketing.mx\/wp-content\/uploads\/2025\/07\/itos-3-1-1024x576.png","datePublished":"2025-07-01T19:50:31+00:00","dateModified":"2025-08-15T02:25:22+00:00","description":"Blog de Innovate Marketing: Aprende sobre SEO, redes sociales, publicidad digital y estrategias efectivas para hacer crecer tu negocio online.","breadcrumb":{"@id":"https:\/\/innovatemarketing.mx\/index.php\/blog\/#breadcrumb"},"inLanguage":"es","potentialAction":[{"@type":"ReadAction","target":["https:\/\/innovatemarketing.mx\/index.php\/blog\/"]}]},{"@type":"ImageObject","inLanguage":"es","@id":"https:\/\/innovatemarketing.mx\/index.php\/blog\/#primaryimage","url":"https:\/\/innovatemarketing.mx\/wp-content\/uploads\/2025\/07\/itos-3-1.png","contentUrl":"https:\/\/innovatemarketing.mx\/wp-content\/uploads\/2025\/07\/itos-3-1.png","width":1366,"height":768},{"@type":"BreadcrumbList","@id":"https:\/\/innovatemarketing.mx\/index.php\/blog\/#breadcrumb","itemListElement":[{"@type":"ListItem","position":1,"name":"Portada","item":"https:\/\/innovatemarketing.mx\/"},{"@type":"ListItem","position":2,"name":"Blog"}]},{"@type":"WebSite","@id":"https:\/\/innovatemarketing.mx\/#website","url":"https:\/\/innovatemarketing.mx\/","name":"Innovate Marketing","description":"Agencia de Marketing Digital","publisher":{"@id":"https:\/\/innovatemarketing.mx\/#organization"},"alternateName":"Innovate MKT","potentialAction":[{"@type":"SearchAction","target":{"@type":"EntryPoint","urlTemplate":"https:\/\/innovatemarketing.mx\/?s={search_term_string}"},"query-input":{"@type":"PropertyValueSpecification","valueRequired":true,"valueName":"search_term_string"}}],"inLanguage":"es"},{"@type":"Organization","@id":"https:\/\/innovatemarketing.mx\/#organization","name":"Innovate Marketing","alternateName":"Innovate","url":"https:\/\/innovatemarketing.mx\/","logo":{"@type":"ImageObject","inLanguage":"es","@id":"https:\/\/innovatemarketing.mx\/#\/schema\/logo\/image\/","url":"https:\/\/innovatemarketing.mx\/wp-content\/uploads\/2025\/07\/logo-1.png","contentUrl":"https:\/\/innovatemarketing.mx\/wp-content\/uploads\/2025\/07\/logo-1.png","width":212,"height":141,"caption":"Innovate Marketing"},"image":{"@id":"https:\/\/innovatemarketing.mx\/#\/schema\/logo\/image\/"},"sameAs":["https:\/\/www.facebook.com\/InnovateMkt\/","https:\/\/www.instagram.com\/innovate_mkt\/","https:\/\/www.linkedin.com\/company\/innovate-mkt\/"]}]}},"_links":{"self":[{"href":"https:\/\/innovatemarketing.mx\/index.php\/wp-json\/wp\/v2\/pages\/8","targetHints":{"allow":["GET"]}}],"collection":[{"href":"https:\/\/innovatemarketing.mx\/index.php\/wp-json\/wp\/v2\/pages"}],"about":[{"href":"https:\/\/innovatemarketing.mx\/index.php\/wp-json\/wp\/v2\/types\/page"}],"author":[{"embeddable":true,"href":"https:\/\/innovatemarketing.mx\/index.php\/wp-json\/wp\/v2\/users\/1"}],"replies":[{"embeddable":true,"href":"https:\/\/innovatemarketing.mx\/index.php\/wp-json\/wp\/v2\/comments?post=8"}],"version-history":[{"count":14,"href":"https:\/\/innovatemarketing.mx\/index.php\/wp-json\/wp\/v2\/pages\/8\/revisions"}],"predecessor-version":[{"id":192,"href":"https:\/\/innovatemarketing.mx\/index.php\/wp-json\/wp\/v2\/pages\/8\/revisions\/192"}],"wp:attachment":[{"href":"https:\/\/innovatemarketing.mx\/index.php\/wp-json\/wp\/v2\/media?parent=8"}],"curies":[{"name":"wp","href":"https:\/\/api.w.org\/{rel}","templated":true}]}}